{"id":2037,"date":"2023-08-03T13:03:16","date_gmt":"2023-08-03T12:03:16","guid":{"rendered":"https:\/\/ibeeauty.com\/?page_id=2037"},"modified":"2023-11-09T17:13:53","modified_gmt":"2023-11-09T17:13:53","slug":"fatima-stories-portuguese","status":"publish","type":"page","link":"https:\/\/ibeeauty.com\/index.php\/fatima-stories-portuguese\/","title":{"rendered":"BioNurse &#8211; Fatima Stories &#8211; Portuguese"},"content":{"rendered":"\t\t<div data-elementor-type=\"wp-page\" data-elementor-id=\"2037\" class=\"elementor elementor-2037\" data-elementor-post-type=\"page\">\n\t\t\t\t\t\t<section class=\"elementor-section elementor-top-section elementor-element elementor-element-77b2c680 elementor-section-boxed elementor-section-height-default elementor-section-height-default\" data-id=\"77b2c680\" data-element_type=\"section\" data-e-type=\"section\" data-settings=\"{&quot;background_background&quot;:&quot;classic&quot;}\">\n\t\t\t\t\t\t\t<div class=\"elementor-background-overlay\"><\/div>\n\t\t\t\t\t\t\t<div class=\"elementor-container elementor-column-gap-default\">\n\t\t\t\t\t<div class=\"elementor-column elementor-col-100 elementor-top-column elementor-element elementor-element-1383bef2\" data-id=\"1383bef2\" data-element_type=\"column\" data-e-type=\"column\">\n\t\t\t<div class=\"elementor-widget-wrap elementor-element-populated\">\n\t\t\t\t\t\t<div class=\"elementor-element elementor-element-6bc7f74 elementor-widget elementor-widget-heading\" data-id=\"6bc7f74\" data-element_type=\"widget\" data-e-type=\"widget\" data-widget_type=\"heading.default\">\n\t\t\t\t<div class=\"elementor-widget-container\">\n\t\t\t\t\t<h1 class=\"elementor-heading-title elementor-size-default\">Hist\u00f3rias da Fatima<\/h1>\t\t\t\t<\/div>\n\t\t\t\t<\/div>\n\t\t\t\t\t<\/div>\n\t\t<\/div>\n\t\t\t\t\t<\/div>\n\t\t<\/section>\n\t\t\t\t<section class=\"elementor-section elementor-top-section elementor-element elementor-element-1d4d58f elementor-section-boxed elementor-section-height-default elementor-section-height-default\" data-id=\"1d4d58f\" data-element_type=\"section\" data-e-type=\"section\" data-settings=\"{&quot;background_background&quot;:&quot;classic&quot;}\">\n\t\t\t\t\t\t<div class=\"elementor-container elementor-column-gap-default\">\n\t\t\t\t\t<div class=\"elementor-column elementor-col-100 elementor-top-column elementor-element elementor-element-7b902e7\" data-id=\"7b902e7\" data-element_type=\"column\" data-e-type=\"column\">\n\t\t\t<div class=\"elementor-widget-wrap elementor-element-populated\">\n\t\t\t\t\t\t<div class=\"elementor-element elementor-element-ebbcdae elementor-widget elementor-widget-heading\" data-id=\"ebbcdae\" data-element_type=\"widget\" data-e-type=\"widget\" data-widget_type=\"heading.default\">\n\t\t\t\t<div class=\"elementor-widget-container\">\n\t\t\t\t\t<h2 class=\"elementor-heading-title elementor-size-default\">Quem \u00e9 Fatima, e o que s\u00e3o as hist\u00f3rias da Fatima?<\/h2>\t\t\t\t<\/div>\n\t\t\t\t<\/div>\n\t\t\t\t<div class=\"elementor-element elementor-element-9d0a0b9 elementor-widget elementor-widget-text-editor\" data-id=\"9d0a0b9\" data-element_type=\"widget\" data-e-type=\"widget\" data-widget_type=\"text-editor.default\">\n\t\t\t\t<div class=\"elementor-widget-container\">\n\t\t\t\t\t\t\t\t\t<p>Nas profundezas da dor, Deborah Bee, nossa fundadora, apoiou sua melhor amiga, Fatima, enquanto o c\u00e2ncer a consumia. Impulsionada pela dor e determina\u00e7\u00e3o, Deborah criou o Protocolo de Fatima, uma terapia gratuita de al\u00edvio da dor que se tornou um farol de esperan\u00e7a para aliviar o sofrimento das pessoas afetadas pelo c\u00e2ncer, garantindo que o legado de sua melhor amiga nunca fosse esquecido. N\u00f3s queremos que voc\u00ea seja confiante com sua apar\u00eancia e em como voc\u00ea se sente. N\u00f3s n\u00e3o queremos a dor ou a sensa\u00e7\u00e3o de ser menos do que voc\u00ea realmente pode ser limitando suas escolhas. N\u00f3s queremos que seu corpo fa\u00e7a o trabalho para o qual foi projetado para fazer naturalmente, como Deus planejou, sem o uso de drogas ou influ\u00eancias estranhas e desconhecidas. Queremos que voc\u00ea escolha o que deseja sem limita\u00e7\u00f5es.<\/p><p>Assim como a hist\u00f3ria de Fatima e Deborah, almas resilientes diante das adversidades da vida, essas narrativas reais, cheias de humanidade, acendem uma chama dentro de n\u00f3s, nos instigando a superar nossos limites e estender a m\u00e3o a quem precisa. Por meio de suas prova\u00e7\u00f5es, n\u00f3s encontramos inspira\u00e7\u00e3o para trilhar um caminho de compaix\u00e3o, impulsionando-nos a fazer mais e ser melhores a cada dia.<\/p>\t\t\t\t\t\t\t\t<\/div>\n\t\t\t\t<\/div>\n\t\t\t\t\t<\/div>\n\t\t<\/div>\n\t\t\t\t\t<\/div>\n\t\t<\/section>\n\t\t\t\t<section class=\"elementor-section elementor-top-section elementor-element elementor-element-5c5e8ab2 elementor-section-boxed elementor-section-height-default elementor-section-height-default\" data-id=\"5c5e8ab2\" data-element_type=\"section\" data-e-type=\"section\" data-settings=\"{&quot;background_background&quot;:&quot;classic&quot;}\">\n\t\t\t\t\t\t<div class=\"elementor-container elementor-column-gap-default\">\n\t\t\t\t\t<div class=\"elementor-column elementor-col-100 elementor-top-column elementor-element elementor-element-568df2de\" data-id=\"568df2de\" data-element_type=\"column\" data-e-type=\"column\">\n\t\t\t<div class=\"elementor-widget-wrap elementor-element-populated\">\n\t\t\t\t\t\t<div class=\"elementor-element elementor-element-16f21bbb elementor-widget elementor-widget-heading\" data-id=\"16f21bbb\" data-element_type=\"widget\" data-e-type=\"widget\" data-widget_type=\"heading.default\">\n\t\t\t\t<div class=\"elementor-widget-container\">\n\t\t\t\t\t<h2 class=\"elementor-heading-title elementor-size-default\">Nutrindo a Compaix\u00e3o: Hist\u00f3rias Reais de Resili\u00eancia e Inspira\u00e7\u00e3o<\/h2>\t\t\t\t<\/div>\n\t\t\t\t<\/div>\n\t\t\t\t<div class=\"elementor-element elementor-element-57395468 elementor-widget elementor-widget-gallery\" data-id=\"57395468\" data-element_type=\"widget\" data-e-type=\"widget\" data-settings=\"{&quot;gallery_layout&quot;:&quot;masonry&quot;,&quot;columns&quot;:3,&quot;gap&quot;:{&quot;unit&quot;:&quot;px&quot;,&quot;size&quot;:20,&quot;sizes&quot;:[]},&quot;overlay_title&quot;:&quot;title&quot;,&quot;lazyload&quot;:&quot;yes&quot;,&quot;columns_tablet&quot;:2,&quot;columns_mobile&quot;:1,&quot;gap_tablet&quot;:{&quot;unit&quot;:&quot;px&quot;,&quot;size&quot;:10,&quot;sizes&quot;:[]},&quot;gap_mobile&quot;:{&quot;unit&quot;:&quot;px&quot;,&quot;size&quot;:10,&quot;sizes&quot;:[]},&quot;link_to&quot;:&quot;file&quot;,&quot;overlay_background&quot;:&quot;yes&quot;,&quot;content_hover_animation&quot;:&quot;fade-in&quot;}\" data-widget_type=\"gallery.default\">\n\t\t\t\t<div class=\"elementor-widget-container\">\n\t\t\t\t\t\t\t<div class=\"elementor-gallery__container\">\n\t\t\t\t\t\t\t<a class=\"e-gallery-item elementor-gallery-item elementor-animated-content\" href=\"https:\/\/ibeeauty.com\/wp-content\/uploads\/2023\/06\/leadmagnet-placeholder.jpg\" data-elementor-open-lightbox=\"yes\" data-elementor-lightbox-slideshow=\"57395468\" data-elementor-lightbox-title=\"leadmagnet-placeholder.jpg\" data-e-action-hash=\"#elementor-action%3Aaction%3Dlightbox%26settings%3DeyJpZCI6MzYsInVybCI6Imh0dHBzOlwvXC9pYmVlYXV0eS5jb21cL3dwLWNvbnRlbnRcL3VwbG9hZHNcLzIwMjNcLzA2XC9sZWFkbWFnbmV0LXBsYWNlaG9sZGVyLmpwZyIsInNsaWRlc2hvdyI6IjU3Mzk1NDY4In0%3D\">\n\t\t\t\t\t<div class=\"e-gallery-image elementor-gallery-item__image\" data-thumbnail=\"https:\/\/ibeeauty.com\/wp-content\/uploads\/2023\/06\/leadmagnet-placeholder-768x512.jpg\" data-width=\"768\" data-height=\"512\" aria-label=\"\" role=\"img\" ><\/div>\n\t\t\t\t\t\t\t\t\t\t\t<div class=\"elementor-gallery-item__overlay\"><\/div>\n\t\t\t\t\t\t\t\t\t\t\t\t\t\t\t<div class=\"elementor-gallery-item__content\">\n\t\t\t\t\t\t\t\t\t\t\t\t\t\t<div class=\"elementor-gallery-item__title\">\n\t\t\t\t\t\t\t\t\t\t\t\t\t\t\t\t\t\tleadmagnet-placeholder.jpg\t\t\t\t\t\t\t\t<\/div>\n\t\t\t\t\t\t\t\t\t\t\t\t<\/div>\n\t\t\t\t\t\t\t\t\t<\/a>\n\t\t\t\t\t<\/div>\n\t\t\t\t\t<\/div>\n\t\t\t\t<\/div>\n\t\t\t\t\t<\/div>\n\t\t<\/div>\n\t\t\t\t\t<\/div>\n\t\t<\/section>\n\t\t\t\t<\/div>\n\t\t","protected":false},"excerpt":{"rendered":"<p>Hist\u00f3rias da Fatima Quem \u00e9 Fatima, e o que s\u00e3o as hist\u00f3rias da Fatima? Nas profundezas da dor, Deborah Bee, nossa fundadora, apoiou sua melhor amiga, Fatima, enquanto o c\u00e2ncer a consumia. Impulsionada pela dor e determina\u00e7\u00e3o, Deborah criou o Protocolo de Fatima, uma terapia gratuita de al\u00edvio da dor que se tornou um farol [&hellip;]<\/p>\n","protected":false},"author":1,"featured_media":0,"parent":0,"menu_order":0,"comment_status":"closed","ping_status":"closed","template":"elementor_header_footer","meta":{"footnotes":""},"class_list":["post-2037","page","type-page","status-publish","hentry"],"_links":{"self":[{"href":"https:\/\/ibeeauty.com\/index.php\/wp-json\/wp\/v2\/pages\/2037","targetHints":{"allow":["GET"]}}],"collection":[{"href":"https:\/\/ibeeauty.com\/index.php\/wp-json\/wp\/v2\/pages"}],"about":[{"href":"https:\/\/ibeeauty.com\/index.php\/wp-json\/wp\/v2\/types\/page"}],"author":[{"embeddable":true,"href":"https:\/\/ibeeauty.com\/index.php\/wp-json\/wp\/v2\/users\/1"}],"replies":[{"embeddable":true,"href":"https:\/\/ibeeauty.com\/index.php\/wp-json\/wp\/v2\/comments?post=2037"}],"version-history":[{"count":5,"href":"https:\/\/ibeeauty.com\/index.php\/wp-json\/wp\/v2\/pages\/2037\/revisions"}],"predecessor-version":[{"id":3023,"href":"https:\/\/ibeeauty.com\/index.php\/wp-json\/wp\/v2\/pages\/2037\/revisions\/3023"}],"wp:attachment":[{"href":"https:\/\/ibeeauty.com\/index.php\/wp-json\/wp\/v2\/media?parent=2037"}],"curies":[{"name":"wp","href":"https:\/\/api.w.org\/{rel}","templated":true}]}}