{"id":3729,"date":"2024-02-14T17:12:54","date_gmt":"2024-02-14T17:12:54","guid":{"rendered":"https:\/\/ibeeauty.com\/?page_id=3729"},"modified":"2024-06-03T23:15:55","modified_gmt":"2024-06-03T22:15:55","slug":"01a-lv-hvg-landing-page-portuguese","status":"publish","type":"page","link":"https:\/\/ibeeauty.com\/","title":{"rendered":"xxxx01a &#8211; LV HVG landing page -Portuguese"},"content":{"rendered":"\t\t<div data-elementor-type=\"wp-page\" data-elementor-id=\"3729\" class=\"elementor elementor-3729\" data-elementor-post-type=\"page\">\n\t\t\t\t\t\t<section class=\"elementor-section elementor-top-section elementor-element elementor-element-553620ed elementor-section-full_width elementor-section-height-default elementor-section-height-default\" data-id=\"553620ed\" data-element_type=\"section\" data-e-type=\"section\" data-settings=\"{&quot;background_background&quot;:&quot;classic&quot;}\">\n\t\t\t\t\t\t\t<div class=\"elementor-background-overlay\"><\/div>\n\t\t\t\t\t\t\t<div class=\"elementor-container elementor-column-gap-default\">\n\t\t\t\t\t<div class=\"elementor-column elementor-col-100 elementor-top-column elementor-element elementor-element-64e6f75b\" data-id=\"64e6f75b\" data-element_type=\"column\" data-e-type=\"column\" data-settings=\"{&quot;background_background&quot;:&quot;classic&quot;}\">\n\t\t\t<div class=\"elementor-widget-wrap elementor-element-populated\">\n\t\t\t\t\t\t<div class=\"elementor-element elementor-element-32f09cd elementor-widget elementor-widget-text-editor\" data-id=\"32f09cd\" data-element_type=\"widget\" data-e-type=\"widget\" data-widget_type=\"text-editor.default\">\n\t\t\t\t<div class=\"elementor-widget-container\">\n\t\t\t\t\t\t\t\t\t<p>Baixe Os 3 Motivos Pelos Seu Esmalte <br \/>Cont\u00e9m <span style=\"color: #ba1818;\">Toxinas Venenosas<\/span><\/p>\t\t\t\t\t\t\t\t<\/div>\n\t\t\t\t<\/div>\n\t\t\t\t<div class=\"elementor-element elementor-element-8fb9cdc elementor-widget elementor-widget-text-editor\" data-id=\"8fb9cdc\" data-element_type=\"widget\" data-e-type=\"widget\" data-widget_type=\"text-editor.default\">\n\t\t\t\t<div class=\"elementor-widget-container\">\n\t\t\t\t\t\t\t\t\t<p>As Grandes Empresas de Cosm\u00e9ticos n\u00e3o est\u00e3o lhe contando toda a verdade. Isso vai deixar em claro sobre os <strong><span style=\"color: #ba1818;\">venenos<\/span><\/strong> causadores do c\u00e2ncer que voc\u00ea n\u00e3o conhece.<\/p>\t\t\t\t\t\t\t\t<\/div>\n\t\t\t\t<\/div>\n\t\t\t\t<section class=\"elementor-section elementor-inner-section elementor-element elementor-element-6f44fa8e elementor-section-boxed elementor-section-height-default elementor-section-height-default\" data-id=\"6f44fa8e\" data-element_type=\"section\" data-e-type=\"section\">\n\t\t\t\t\t\t<div class=\"elementor-container elementor-column-gap-default\">\n\t\t\t\t\t<div class=\"elementor-column elementor-col-100 elementor-inner-column elementor-element elementor-element-5aa87292\" data-id=\"5aa87292\" data-element_type=\"column\" data-e-type=\"column\">\n\t\t\t<div class=\"elementor-widget-wrap elementor-element-populated\">\n\t\t\t\t\t\t<div class=\"elementor-element elementor-element-5f78adb elementor-widget elementor-widget-image\" data-id=\"5f78adb\" data-element_type=\"widget\" data-e-type=\"widget\" data-widget_type=\"image.default\">\n\t\t\t\t<div class=\"elementor-widget-container\">\n\t\t\t\t\t\t\t\t\t\t\t\t\t\t\t<img fetchpriority=\"high\" decoding=\"async\" width=\"300\" height=\"200\" src=\"https:\/\/ibeeauty.com\/wp-content\/uploads\/2023\/11\/LV-HVG-Picture-01-300x200.jpg\" class=\"attachment-medium size-medium wp-image-3117\" alt=\"\" srcset=\"https:\/\/ibeeauty.com\/wp-content\/uploads\/2023\/11\/LV-HVG-Picture-01-300x200.jpg 300w, https:\/\/ibeeauty.com\/wp-content\/uploads\/2023\/11\/LV-HVG-Picture-01-768x512.jpg 768w, https:\/\/ibeeauty.com\/wp-content\/uploads\/2023\/11\/LV-HVG-Picture-01.jpg 1000w\" sizes=\"(max-width: 300px) 100vw, 300px\" \/>\t\t\t\t\t\t\t\t\t\t\t\t\t\t\t<\/div>\n\t\t\t\t<\/div>\n\t\t\t\t\t<\/div>\n\t\t<\/div>\n\t\t\t\t\t<\/div>\n\t\t<\/section>\n\t\t\t\t<div class=\"elementor-element elementor-element-777f673d elementor-align-center elementor-hidden-mobile elementor-hidden-tablet elementor-widget elementor-widget-button\" data-id=\"777f673d\" data-element_type=\"widget\" data-e-type=\"widget\" data-widget_type=\"button.default\">\n\t\t\t\t<div class=\"elementor-widget-container\">\n\t\t\t\t\t\t\t\t\t<div class=\"elementor-button-wrapper\">\n\t\t\t\t\t<a class=\"elementor-button elementor-button-link elementor-size-lg\" href=\"#elementor-action%3Aaction%3Dpopup%3Aopen%26settings%3DeyJpZCI6IjM3ODAiLCJ0b2dnbGUiOmZhbHNlfQ%3D%3D\">\n\t\t\t\t\t\t<span class=\"elementor-button-content-wrapper\">\n\t\t\t\t\t\t\t\t\t<span class=\"elementor-button-text\">Clique para obter o guia GRATUITO<\/span>\n\t\t\t\t\t<\/span>\n\t\t\t\t\t<\/a>\n\t\t\t\t<\/div>\n\t\t\t\t\t\t\t\t<\/div>\n\t\t\t\t<\/div>\n\t\t\t\t\t<\/div>\n\t\t<\/div>\n\t\t\t\t\t<\/div>\n\t\t<\/section>\n\t\t\t\t<\/div>\n\t\t","protected":false},"excerpt":{"rendered":"<p>Baixe Os 3 Motivos Pelos Seu Esmalte Cont\u00e9m Toxinas Venenosas As Grandes Empresas de Cosm\u00e9ticos n\u00e3o est\u00e3o lhe contando toda a verdade. Isso vai deixar em claro sobre os venenos causadores do c\u00e2ncer que voc\u00ea n\u00e3o conhece. Clique para obter o guia GRATUITO<\/p>\n","protected":false},"author":1,"featured_media":0,"parent":0,"menu_order":0,"comment_status":"closed","ping_status":"closed","template":"elementor_header_footer","meta":{"footnotes":""},"class_list":["post-3729","page","type-page","status-publish","hentry"],"_links":{"self":[{"href":"https:\/\/ibeeauty.com\/index.php\/wp-json\/wp\/v2\/pages\/3729","targetHints":{"allow":["GET"]}}],"collection":[{"href":"https:\/\/ibeeauty.com\/index.php\/wp-json\/wp\/v2\/pages"}],"about":[{"href":"https:\/\/ibeeauty.com\/index.php\/wp-json\/wp\/v2\/types\/page"}],"author":[{"embeddable":true,"href":"https:\/\/ibeeauty.com\/index.php\/wp-json\/wp\/v2\/users\/1"}],"replies":[{"embeddable":true,"href":"https:\/\/ibeeauty.com\/index.php\/wp-json\/wp\/v2\/comments?post=3729"}],"version-history":[{"count":53,"href":"https:\/\/ibeeauty.com\/index.php\/wp-json\/wp\/v2\/pages\/3729\/revisions"}],"predecessor-version":[{"id":4031,"href":"https:\/\/ibeeauty.com\/index.php\/wp-json\/wp\/v2\/pages\/3729\/revisions\/4031"}],"wp:attachment":[{"href":"https:\/\/ibeeauty.com\/index.php\/wp-json\/wp\/v2\/media?parent=3729"}],"curies":[{"name":"wp","href":"https:\/\/api.w.org\/{rel}","templated":true}]}}